{"id":799,"date":"2022-08-22T10:07:56","date_gmt":"2022-08-22T08:07:56","guid":{"rendered":"https:\/\/www.altoestrato.com\/?page_id=799"},"modified":"2022-08-22T10:07:57","modified_gmt":"2022-08-22T08:07:57","slug":"politica-de-privacidad","status":"publish","type":"page","link":"https:\/\/www.altoestrato.com\/politica-de-privacidad\/","title":{"rendered":"Pol\u00edtica de privacidad"},"content":{"rendered":"\n<div id=\"wp-block-themeisle-blocks-advanced-columns-1a6a4089\" class=\"wp-block-themeisle-blocks-advanced-columns has-1-columns has-desktop-equal-layout has-tablet-equal-layout has-mobile-equal-layout has-vertical-unset\"><div class=\"wp-block-themeisle-blocks-advanced-columns-overlay\"><\/div><div class=\"innerblocks-wrap\">\n<div id=\"wp-block-themeisle-blocks-advanced-column-4115996c\" class=\"wp-block-themeisle-blocks-advanced-column\">\n<h2 class=\"wp-block-heading\">Informaci\u00f3n del titular de la web<\/h2>\n\n\n\n<p>Serveis el Bruc de la Vela, SL con CIF B67301184 con domicilio en Cl. Santa Eulalia 7 L&#8217;Hospitalet CP 08902 y mail de comunicaciones\u00a0<strong>info@altoestrato.com<\/strong><\/p>\n\n\n\n<p><\/p>\n\n\n\n<h2 class=\"wp-block-heading\">Responsable de protecci\u00f3n de datos<\/h2>\n\n\n\n<p>El titular es el responsable de los datos personales que son recabados por la navegaci\u00f3n y uso de esta web conforme a los requisitos establecidos por el&nbsp;<strong>REGLAMENTO (UE) 2016\/679<\/strong>&nbsp;relativo a la protecci\u00f3n de datos de las personas f\u00edsicas as\u00ed como conforme a la&nbsp;<strong>Ley 34\/2002 de 11 de julio de Servicios de<\/strong>&nbsp;<strong>la Sociedad de la Informaci\u00f3n y del Comercio Electr\u00f3nico (LSSI-CE)&nbsp;<\/strong>.<\/p>\n\n\n\n<p>Al utilizar este sitio web entendemos que ha le\u00eddo y comprendido la informaci\u00f3n que se expone en relaci\u00f3n con el tratamiento de sus datos de car\u00e1cter personal.<\/p>\n\n\n\n<h2 class=\"wp-block-heading\">Pol\u00edtica de protecci\u00f3n de datos<\/h2>\n\n\n\n<p>El responsable aplica el principio de responsabilidad activa en el tratamiento de los datos de car\u00e1cter personal, manteniendo una constante puesta al d\u00eda y una promoci\u00f3n de la mejora continua del sistema de protecci\u00f3n de datos conforme a los requisitos legales exigibles, garantizando en todo caso:<\/p>\n\n\n\n<ul class=\"wp-block-list\"><li>el respeto a las libertades y los derechos fundamentales de las personas f\u00edsicas<\/li><li>que los datos son tratados de manera l\u00edcita, leal y transparente<\/li><li>que los datos tratados son exactos, adecuados, pertinentes y limitados en relaci\u00f3n con los fines para los que son recogidos<\/li><li>que los fines para los que son recogidos son expl\u00edcitos y leg\u00edtimos y que no son tratados de manera incompatible con dichos fines<\/li><\/ul>\n\n\n\n<p>La finalidad de este documento es informar a los usuarios sobre qu\u00e9 hacemos con sus datos personales, c\u00f3mo se recaban, para qu\u00e9 se utilizan, los derechos que les asisten as\u00ed como toda la informaci\u00f3n legal necesaria establecida por la normativa vigente.<\/p>\n\n\n\n<h2 class=\"wp-block-heading\">Datos recabados, finalidad y licitud<\/h2>\n\n\n\n<p>Los datos de car\u00e1cter personal tratados son los aportados por los usuarios a trav\u00e9s de los formularios disponibles en este sitio web y son los m\u00ednimos exigibles para poder:<\/p>\n\n\n\n<ul class=\"wp-block-list\"><li>enviarle informaci\u00f3n sobre nuestros productos \/ servicios<\/li><li>atender consultas.<\/li><li>tramitar pedidos, as\u00ed como poder elaborar las facturas correspondientes, informar sobre el estado de los pedidos, atender reclamaciones y cualquier otra gesti\u00f3n derivada de la prestaci\u00f3n del servicio realizado a trav\u00e9s de este sitio web<\/li><\/ul>\n\n\n\n<p>Dichas finalidades est\u00e1n basadas en principios legales de tratamiento de los datos recogidos por la normativa vigente: para la ejecuci\u00f3n de un contrato o la prestaci\u00f3n de un servicio a los usuarios, para el cumplimiento de obligaciones legales, por el inter\u00e9s leg\u00edtimo y con el consentimiento de los usuarios.<\/p>\n\n\n\n<h2 class=\"wp-block-heading\">Formularios web<\/h2>\n\n\n\n<p>Los datos personales recabados a trav\u00e9s del&nbsp;<strong>formulario web de contacto<\/strong>&nbsp;se usan para poder atender cualquier consulta que el usuario realice a trav\u00e9s del mismo.<\/p>\n\n\n\n<p>Los datos personales recabados en el&nbsp;<strong>formulario de pedidos<\/strong>&nbsp;tienen la finalidad de tratar los datos necesarios para la correcta gesti\u00f3n de sus pedidos.<\/p>\n\n\n\n<p>El tratamiento de los datos est\u00e1 legitimado por el consentimiento que usted nos presta al aceptar expresamente las condiciones del tratamiento informadas a trav\u00e9s de esta pol\u00edtica de privacidad.<\/p>\n\n\n\n<h2 class=\"wp-block-heading\">Destinatarios de los datos<\/h2>\n\n\n\n<p>Los datos de car\u00e1cter personal obtenidos a trav\u00e9s de los formularios web son registrados y conservados en soportes electr\u00f3nicos controlados y supervisados por el responsable del tratamiento.<\/p>\n\n\n\n<p>Sus datos personales no ser\u00e1n comunicados a terceros, con la salvedad de que dicha comunicaci\u00f3n de datos est\u00e9 amparada en una obligaci\u00f3n legal o cuando para la correcta prestaci\u00f3n del servicio o la ejecuci\u00f3n del contrato sea necesario comunicar sus datos a otros responsables como pueden ser otras empresas del grupo o encargados del tratamiento que participen en la prestaci\u00f3n del servicio (transportistas por ejemplo).<\/p>\n\n\n\n<p>Para los casos en los que la comunicaci\u00f3n de datos a terceros no est\u00e9 amparada en las bases legales establecidas en el apartado anterior, la comunicaci\u00f3n de datos a otros destinatarios s\u00f3lo se realizar\u00e1 si el usuario ha dado su consentimiento expreso.<\/p>\n\n\n\n<p>Se mantienen unos criterios estrictos de selecci\u00f3n de encargados de tratamiento y el compromiso contractual con cada uno de ellos para cumplir y hacer cumplir las obligaciones establecidas en materia de protecci\u00f3n de datos<\/p>\n\n\n\n<p>En el caso de que existan transferencias internacionales de datos Serveis el Bruc de la Vela, SL garantizar\u00e1 que la transferencia de sus datos personales se realiza de conformidad con las leyes de privacidad aplicables y, en particular, que se apliquen las medidas contractuales, t\u00e9cnicas y organizativas necesarias, como las cl\u00e1usulas contractuales est\u00e1ndar aprobadas por la Comisi\u00f3n Europea\u201d<\/p>\n\n\n\n<p>Puede obtener m\u00e1s informaci\u00f3n sobre el tratamiento de los datos personales de nuestra organizaci\u00f3n solicit\u00e1ndola en el mail:\u00a0<strong>info@altoestrato.com<\/strong><\/p>\n\n\n\n<h2 class=\"wp-block-heading\">Medidas t\u00e9cnicas y organizativas de protecci\u00f3n de datos<\/h2>\n\n\n\n<p>Los soportes cuentan con las medidas t\u00e9cnicas y organizativas necesarias que garantizan la confidencialidad y la conservaci\u00f3n de los datos personales obtenidos a trav\u00e9s de la web.<\/p>\n\n\n\n<p>Los datos personales recabados desde la web son tratados mediante protocolo HTML con certificado SSL v\u00e1lido.<\/p>\n\n\n\n<p>El personal implicado en las operaciones de tratamiento de datos: acceso, edici\u00f3n, borrado, etc\u2026 est\u00e1 capacitado para ello, formado y comprometido con esta pol\u00edtica de protecci\u00f3n de datos.<\/p>\n\n\n\n<h2 class=\"wp-block-heading\">Conservaci\u00f3n de los datos<\/h2>\n\n\n\n<p>Los datos de car\u00e1cter personal obtenidos a trav\u00e9s del formulario de contacto ser\u00e1n conservados el tiempo necesario para atender la solicitud\/consulta realizada.<\/p>\n\n\n\n<p>Los datos de car\u00e1cter personal obtenidos a trav\u00e9s del formulario de pedidos ser\u00e1n conservados mientras exista una relaci\u00f3n contractual y\/o comercial con usted o mientras usted no ejerza su derecho de supresi\u00f3n, cancelaci\u00f3n y\/o limitaci\u00f3n del tratamiento de sus datos.<\/p>\n\n\n\n<p>Vencida la relaci\u00f3n contractual mantendremos la informaci\u00f3n debidamente bloqueada, sin darle ning\u00fan uso, mientras pueda ser necesaria para el ejercicio o defensa de reclamaciones o pueda derivarse alg\u00fan tipo de responsabilidad judicial, legal o contractual de su tratamiento, que deba ser atendida y para lo cual sea necesaria su recuperaci\u00f3n.<\/p>\n\n\n\n<p>En caso que haya aceptado expresamente el env\u00edo de informaci\u00f3n comercial conservaremos sus datos de contacto hasta que usted nos comunique su decisi\u00f3n de anular dichos env\u00edos comerciales.<\/p>\n\n\n\n<h2 class=\"wp-block-heading\">Informaci\u00f3n sobre la existencia de decisiones automatizadas (incluida la elaboraci\u00f3n de perfiles)<\/h2>\n\n\n\n<p>Normalmente no adoptamos decisiones autom\u00e1ticas, pero cuanto lo hagamos dejaremos claro que se est\u00e1 adoptando ese tipo de decisi\u00f3n. No obstante, Serveis el Bruc de la Vela, SL. recoge varios apartados dedicados a la personalizaci\u00f3n de servicios a fin de mostrar publicidad personalizada al ingresar en su sitio Web y tambi\u00e9n para el env\u00edo de comunicaciones personalizadas.<\/p>\n\n\n\n<p>Serveis el Bruc de la Vela, SL. reconoce la posibilidad de la realizaci\u00f3n de perfiles para mejorar su oferta de productos o personalizar el env\u00edo de ofertas comerciales o dar un trato m\u00e1s personalizado al cliente<\/p>\n\n\n\n<h2 class=\"wp-block-heading\">Oposici\u00f3n a que los datos sean tratados con fines publicitarios<\/h2>\n\n\n\n<p>Si diste tu consentimiento para que utilizaran tus datos con fines publicitarios y no deseas seguir recibiendo publicidad, puedes revocar el consentimiento prestado en cualquier momento y a trav\u00e9s del env\u00edo de un correo electr\u00f3nico a mail del responsable,\u00a0<strong>info@altoestrato.com<\/strong><\/p>\n\n\n\n<h2 class=\"wp-block-heading\">Cambios en la Pol\u00edtica de Privacidad<\/h2>\n\n\n\n<p>Es posible que modifiquemos la informaci\u00f3n contenida en esta Pol\u00edtica de Privacidad y Cookies cuando lo estimemos conveniente. En caso de que lo hagamos, te lo notificaremos por distintas v\u00edas a trav\u00e9s de la Plataforma (por ejemplo, a trav\u00e9s de un banner, un pop-up o una notificaci\u00f3n push), o incluso te lo comunicaremos a tu direcci\u00f3n de correo electr\u00f3nico cuando el cambio en cuesti\u00f3n sea significativo para con tu privacidad, de manera que puedas revisar los cambios, valorarlos y, en su caso, oponerte o darte de baja en alg\u00fan servicio o funcionalidad. En cualquier caso, te sugerimos que revises esta Pol\u00edtica de Privacidad y Cookies de vez en cuando por si hubiera cambios menores o introducimos alguna mejora interactiva.<\/p>\n\n\n\n<h1 class=\"wp-block-heading\">AVISO LEGAL<\/h1>\n\n\n\n<h2 class=\"wp-block-heading\">Propiedad intelectual e industrial<\/h2>\n\n\n\n<p>El dise\u00f1o del portal y sus c\u00f3digos fuente, as\u00ed como los logos, marcas y dem\u00e1s signos distintivos que aparecen en el mismo pertenecen a (Serveis el Bruc de la Vela, SL.) y est\u00e1n protegidos por los correspondientes derechos de propiedad intelectual e industrial.<\/p>\n\n\n\n<h2 class=\"wp-block-heading\">Responsabilidad de los contenidos<\/h2>\n\n\n\n<p>Serveis el Bruc de la Vela, SL. no se hace responsable de la legalidad de otros sitios web de terceros desde los que pueda accederse al portal. Tampoco responde por la legalidad de otros sitios web de terceros, que pudieran estar vinculados o enlazados desde este portal.<\/p>\n\n\n\n<p>Serveis el Bruc de la Vela, SL. no ser\u00e1 responsable del uso que terceros hagan de la informaci\u00f3n publicada en el portal, ni tampoco de los da\u00f1os sufridos o p\u00e9rdidas econ\u00f3micas que, de forma directa o indirecta, produzcan o puedan producir perjuicios econ\u00f3micos, materiales o sobre datos, provocados por el uso de dicha informaci\u00f3n.<\/p>\n\n\n\n<h2 class=\"wp-block-heading\">Reproducci\u00f3n de contenidos<\/h2>\n\n\n\n<p>En virtud de lo dispuesto en la Ley de Propiedad Intelectual quedan expresamente prohibidas la reproducci\u00f3n, la distribuci\u00f3n y la comunicaci\u00f3n p\u00fablica de la totalidad o parte de los contenidos de esta p\u00e1gina web, con fines comerciales en cualquier soporte, y por cualquier medio t\u00e9cnico, sin la autorizaci\u00f3n de Serveis el Bruc de la Vela, SL.<\/p>\n\n\n\n<h2 class=\"wp-block-heading\">Ley aplicable<\/h2>\n\n\n\n<p>Serveis el Bruc de la Vela, SL. se reserva la facultad de presentar las acciones civiles o penales que considere necesaria por la utilizaci\u00f3n indebida del sitio Web y contenidos, o por el incumplimiento de las presentes condiciones.<\/p>\n\n\n\n<p>La relaci\u00f3n entre el usuario y Serveis el Bruc de la Vela, SL. se regir\u00e1 por la normativa vigente y de aplicaci\u00f3n en el territorio nacional. De surgir cualquier controversia en relaci\u00f3n a la interpretaci\u00f3n y\/o a la aplicaci\u00f3n de estas condiciones, las partes someter\u00e1n los conflictos a la jurisdicci\u00f3n ordinaria, someti\u00e9ndose a los Jueces y Tribunales que correspondan conforme a Derecho.<\/p>\n\n\n\n<p>As\u00ed mismo le informamos que dispone de un procedimiento de resoluci\u00f3n extrajudicial de controversias gratuito y accesible a todos los ciudadanos, se trata de la plataforma de resoluci\u00f3n de litigios en l\u00ednea de la Uni\u00f3n Europea, accesible a trav\u00e9s del siguiente enlace&nbsp;<a href=\"https:\/\/ec.europa.eu\/consumers\/odr\/main\/?event=main.home2.show\">https:\/\/ec.europa.eu\/consumers\/odr\/main\/?event=main.home2.show<\/a><\/p>\n\n\n\n<h2 class=\"wp-block-heading\">Cookies<\/h2>\n\n\n\n<p>En el caso de emplear tecnolog\u00eda \u201ccookie\u201d en la web, dispone de un apartado concreto que le informa sobre su existencia as\u00ed como de su pol\u00edtica de uso. Consulte el apartado \u201cpol\u00edtica de cookies\u201d.<\/p>\n\n\n\n<p>En caso contrario, no se emplean cookies de navegaci\u00f3n.<\/p>\n\n\n\n<h2 class=\"wp-block-heading\">Datos personales de menores<\/h2>\n\n\n\n<p>Esta p\u00e1gina web no est\u00e1 dirigida a usuarios menores de edad. Si usted es menor de edad, por favor no intente registrarse como usuario. Si descubrimos que por error hemos obtenido informaci\u00f3n personal de un menor, eliminaremos dicha informaci\u00f3n lo antes posible.<\/p>\n\n\n\n<h2 class=\"wp-block-heading\">Ejercicio de los derechos de protecci\u00f3n de datos<\/h2>\n\n\n\n<p>Para el ejercicio de los derechos deber\u00e1 identificarse mediante la presentaci\u00f3n de su DNI.<\/p>\n\n\n\n<p>Para cualquier reclamaci\u00f3n puede dirigirse al mismo correo indicado. Igualmente podr\u00e1 dirigirse a la Agencia Espa\u00f1ola de Protecci\u00f3n de Datos:&nbsp;<a href=\"https:\/\/www.aepd.es\/es\">www.aepd.es<\/a><\/p>\n<\/div>\n<\/div><\/div>\n","protected":false},"excerpt":{"rendered":"","protected":false},"author":1,"featured_media":0,"parent":0,"menu_order":0,"comment_status":"closed","ping_status":"closed","template":"template-fullwidth.php","meta":{"_themeisle_gutenberg_block_has_review":false,"footnotes":""},"class_list":["post-799","page","type-page","status-publish","hentry"],"yoast_head":"<!-- This site is optimized with the Yoast SEO plugin v27.2 - https:\/\/yoast.com\/product\/yoast-seo-wordpress\/ -->\n<title>Pol\u00edtica de privacidad - altoestrato<\/title>\n<meta name=\"robots\" content=\"index, follow, max-snippet:-1, max-image-preview:large, max-video-preview:-1\" \/>\n<link rel=\"canonical\" href=\"https:\/\/www.altoestrato.com\/politica-de-privacidad\/\" \/>\n<meta property=\"og:locale\" content=\"es_ES\" \/>\n<meta property=\"og:type\" content=\"article\" \/>\n<meta property=\"og:title\" content=\"Pol\u00edtica de privacidad - altoestrato\" \/>\n<meta property=\"og:url\" content=\"https:\/\/www.altoestrato.com\/politica-de-privacidad\/\" \/>\n<meta property=\"og:site_name\" content=\"altoestrato\" \/>\n<meta property=\"article:modified_time\" content=\"2022-08-22T08:07:57+00:00\" \/>\n<meta property=\"og:image\" content=\"https:\/\/www.altoestrato.com\/wp-content\/uploads\/2021\/04\/altoestrato_logo.png\" \/>\n\t<meta property=\"og:image:width\" content=\"741\" \/>\n\t<meta property=\"og:image:height\" content=\"266\" \/>\n\t<meta property=\"og:image:type\" content=\"image\/png\" \/>\n<meta name=\"twitter:card\" content=\"summary_large_image\" \/>\n<meta name=\"twitter:label1\" content=\"Tiempo de lectura\" \/>\n\t<meta name=\"twitter:data1\" content=\"10 minutos\" \/>\n<script type=\"application\/ld+json\" class=\"yoast-schema-graph\">{\"@context\":\"https:\/\/schema.org\",\"@graph\":[{\"@type\":\"WebPage\",\"@id\":\"https:\/\/www.altoestrato.com\/politica-de-privacidad\/\",\"url\":\"https:\/\/www.altoestrato.com\/politica-de-privacidad\/\",\"name\":\"Pol\u00edtica de privacidad - altoestrato\",\"isPartOf\":{\"@id\":\"https:\/\/www.altoestrato.com\/#website\"},\"datePublished\":\"2022-08-22T08:07:56+00:00\",\"dateModified\":\"2022-08-22T08:07:57+00:00\",\"breadcrumb\":{\"@id\":\"https:\/\/www.altoestrato.com\/politica-de-privacidad\/#breadcrumb\"},\"inLanguage\":\"es\",\"potentialAction\":[{\"@type\":\"ReadAction\",\"target\":[\"https:\/\/www.altoestrato.com\/politica-de-privacidad\/\"]}]},{\"@type\":\"BreadcrumbList\",\"@id\":\"https:\/\/www.altoestrato.com\/politica-de-privacidad\/#breadcrumb\",\"itemListElement\":[{\"@type\":\"ListItem\",\"position\":1,\"name\":\"Portada\",\"item\":\"https:\/\/www.altoestrato.com\/\"},{\"@type\":\"ListItem\",\"position\":2,\"name\":\"Pol\u00edtica de privacidad\"}]},{\"@type\":\"WebSite\",\"@id\":\"https:\/\/www.altoestrato.com\/#website\",\"url\":\"https:\/\/www.altoestrato.com\/\",\"name\":\"altoestrato\",\"description\":\"Soluciones Inform\u00e1ticas\",\"publisher\":{\"@id\":\"https:\/\/www.altoestrato.com\/#organization\"},\"potentialAction\":[{\"@type\":\"SearchAction\",\"target\":{\"@type\":\"EntryPoint\",\"urlTemplate\":\"https:\/\/www.altoestrato.com\/?s={search_term_string}\"},\"query-input\":{\"@type\":\"PropertyValueSpecification\",\"valueRequired\":true,\"valueName\":\"search_term_string\"}}],\"inLanguage\":\"es\"},{\"@type\":\"Organization\",\"@id\":\"https:\/\/www.altoestrato.com\/#organization\",\"name\":\"altoestrato\",\"url\":\"https:\/\/www.altoestrato.com\/\",\"logo\":{\"@type\":\"ImageObject\",\"inLanguage\":\"es\",\"@id\":\"https:\/\/www.altoestrato.com\/#\/schema\/logo\/image\/\",\"url\":\"https:\/\/www.altoestrato.com\/wp-content\/uploads\/2019\/03\/cropped-dibujo-e1774593694636.png\",\"contentUrl\":\"https:\/\/www.altoestrato.com\/wp-content\/uploads\/2019\/03\/cropped-dibujo-e1774593694636.png\",\"width\":150,\"height\":60,\"caption\":\"altoestrato\"},\"image\":{\"@id\":\"https:\/\/www.altoestrato.com\/#\/schema\/logo\/image\/\"}}]}<\/script>\n<!-- \/ Yoast SEO plugin. -->","yoast_head_json":{"title":"Pol\u00edtica de privacidad - altoestrato","robots":{"index":"index","follow":"follow","max-snippet":"max-snippet:-1","max-image-preview":"max-image-preview:large","max-video-preview":"max-video-preview:-1"},"canonical":"https:\/\/www.altoestrato.com\/politica-de-privacidad\/","og_locale":"es_ES","og_type":"article","og_title":"Pol\u00edtica de privacidad - altoestrato","og_url":"https:\/\/www.altoestrato.com\/politica-de-privacidad\/","og_site_name":"altoestrato","article_modified_time":"2022-08-22T08:07:57+00:00","og_image":[{"width":741,"height":266,"url":"https:\/\/www.altoestrato.com\/wp-content\/uploads\/2021\/04\/altoestrato_logo.png","type":"image\/png"}],"twitter_card":"summary_large_image","twitter_misc":{"Tiempo de lectura":"10 minutos"},"schema":{"@context":"https:\/\/schema.org","@graph":[{"@type":"WebPage","@id":"https:\/\/www.altoestrato.com\/politica-de-privacidad\/","url":"https:\/\/www.altoestrato.com\/politica-de-privacidad\/","name":"Pol\u00edtica de privacidad - altoestrato","isPartOf":{"@id":"https:\/\/www.altoestrato.com\/#website"},"datePublished":"2022-08-22T08:07:56+00:00","dateModified":"2022-08-22T08:07:57+00:00","breadcrumb":{"@id":"https:\/\/www.altoestrato.com\/politica-de-privacidad\/#breadcrumb"},"inLanguage":"es","potentialAction":[{"@type":"ReadAction","target":["https:\/\/www.altoestrato.com\/politica-de-privacidad\/"]}]},{"@type":"BreadcrumbList","@id":"https:\/\/www.altoestrato.com\/politica-de-privacidad\/#breadcrumb","itemListElement":[{"@type":"ListItem","position":1,"name":"Portada","item":"https:\/\/www.altoestrato.com\/"},{"@type":"ListItem","position":2,"name":"Pol\u00edtica de privacidad"}]},{"@type":"WebSite","@id":"https:\/\/www.altoestrato.com\/#website","url":"https:\/\/www.altoestrato.com\/","name":"altoestrato","description":"Soluciones Inform\u00e1ticas","publisher":{"@id":"https:\/\/www.altoestrato.com\/#organization"},"potentialAction":[{"@type":"SearchAction","target":{"@type":"EntryPoint","urlTemplate":"https:\/\/www.altoestrato.com\/?s={search_term_string}"},"query-input":{"@type":"PropertyValueSpecification","valueRequired":true,"valueName":"search_term_string"}}],"inLanguage":"es"},{"@type":"Organization","@id":"https:\/\/www.altoestrato.com\/#organization","name":"altoestrato","url":"https:\/\/www.altoestrato.com\/","logo":{"@type":"ImageObject","inLanguage":"es","@id":"https:\/\/www.altoestrato.com\/#\/schema\/logo\/image\/","url":"https:\/\/www.altoestrato.com\/wp-content\/uploads\/2019\/03\/cropped-dibujo-e1774593694636.png","contentUrl":"https:\/\/www.altoestrato.com\/wp-content\/uploads\/2019\/03\/cropped-dibujo-e1774593694636.png","width":150,"height":60,"caption":"altoestrato"},"image":{"@id":"https:\/\/www.altoestrato.com\/#\/schema\/logo\/image\/"}}]}},"_links":{"self":[{"href":"https:\/\/www.altoestrato.com\/wp-json\/wp\/v2\/pages\/799","targetHints":{"allow":["GET"]}}],"collection":[{"href":"https:\/\/www.altoestrato.com\/wp-json\/wp\/v2\/pages"}],"about":[{"href":"https:\/\/www.altoestrato.com\/wp-json\/wp\/v2\/types\/page"}],"author":[{"embeddable":true,"href":"https:\/\/www.altoestrato.com\/wp-json\/wp\/v2\/users\/1"}],"replies":[{"embeddable":true,"href":"https:\/\/www.altoestrato.com\/wp-json\/wp\/v2\/comments?post=799"}],"version-history":[{"count":2,"href":"https:\/\/www.altoestrato.com\/wp-json\/wp\/v2\/pages\/799\/revisions"}],"predecessor-version":[{"id":801,"href":"https:\/\/www.altoestrato.com\/wp-json\/wp\/v2\/pages\/799\/revisions\/801"}],"wp:attachment":[{"href":"https:\/\/www.altoestrato.com\/wp-json\/wp\/v2\/media?parent=799"}],"curies":[{"name":"wp","href":"https:\/\/api.w.org\/{rel}","templated":true}]}}